{"id":1197,"date":"2019-01-09T14:46:26","date_gmt":"2019-01-09T14:46:26","guid":{"rendered":"http:\/\/websites.boompublicidad.cl\/barcazas\/?page_id=1197"},"modified":"2025-10-08T22:21:06","modified_gmt":"2025-10-09T01:21:06","slug":"politicas-hornopiren-caleta-gonzalo","status":"publish","type":"page","link":"https:\/\/www.barcazas.cl\/barcazas\/politicas-hornopiren-caleta-gonzalo\/","title":{"rendered":"Pol\u00edticas Hornopir\u00e9n &#8211; Caleta Gonzalo"},"content":{"rendered":"\t\t<div data-elementor-type=\"wp-post\" data-elementor-id=\"1197\" class=\"elementor elementor-1197\" data-elementor-post-type=\"page\">\n\t\t\t\t\t\t<section class=\"elementor-section elementor-top-section elementor-element elementor-element-a39909b elementor-section-height-min-height elementor-section-stretched elementor-section-boxed elementor-section-height-default elementor-section-items-middle\" data-id=\"a39909b\" data-element_type=\"section\" data-settings=\"{&quot;background_background&quot;:&quot;classic&quot;,&quot;jet_parallax_layout_list&quot;:[{&quot;jet_parallax_layout_speed&quot;:{&quot;unit&quot;:&quot;%&quot;,&quot;size&quot;:50,&quot;sizes&quot;:[]},&quot;_id&quot;:&quot;1db0f37&quot;,&quot;jet_parallax_layout_image&quot;:{&quot;url&quot;:&quot;&quot;,&quot;id&quot;:&quot;&quot;,&quot;size&quot;:&quot;&quot;},&quot;jet_parallax_layout_image_tablet&quot;:{&quot;url&quot;:&quot;&quot;,&quot;id&quot;:&quot;&quot;,&quot;size&quot;:&quot;&quot;},&quot;jet_parallax_layout_image_mobile&quot;:{&quot;url&quot;:&quot;&quot;,&quot;id&quot;:&quot;&quot;,&quot;size&quot;:&quot;&quot;},&quot;jet_parallax_layout_type&quot;:&quot;scroll&quot;,&quot;jet_parallax_layout_direction&quot;:null,&quot;jet_parallax_layout_fx_direction&quot;:null,&quot;jet_parallax_layout_z_index&quot;:&quot;&quot;,&quot;jet_parallax_layout_bg_x&quot;:50,&quot;jet_parallax_layout_bg_x_tablet&quot;:&quot;&quot;,&quot;jet_parallax_layout_bg_x_mobile&quot;:&quot;&quot;,&quot;jet_parallax_layout_bg_y&quot;:50,&quot;jet_parallax_layout_bg_y_tablet&quot;:&quot;&quot;,&quot;jet_parallax_layout_bg_y_mobile&quot;:&quot;&quot;,&quot;jet_parallax_layout_bg_size&quot;:&quot;auto&quot;,&quot;jet_parallax_layout_bg_size_tablet&quot;:&quot;&quot;,&quot;jet_parallax_layout_bg_size_mobile&quot;:&quot;&quot;,&quot;jet_parallax_layout_animation_prop&quot;:&quot;transform&quot;,&quot;jet_parallax_layout_on&quot;:[&quot;desktop&quot;,&quot;tablet&quot;]}],&quot;stretch_section&quot;:&quot;section-stretched&quot;}\">\n\t\t\t\t\t\t\t<div class=\"elementor-background-overlay\"><\/div>\n\t\t\t\t\t\t\t<div class=\"elementor-container elementor-column-gap-default\">\n\t\t\t\t\t<div class=\"elementor-column elementor-col-100 elementor-top-column elementor-element elementor-element-3c600e8\" data-id=\"3c600e8\" data-element_type=\"column\">\n\t\t\t<div class=\"elementor-widget-wrap elementor-element-populated\">\n\t\t\t\t\t\t<div class=\"elementor-element elementor-element-e9a6eae elementor-widget elementor-widget-heading\" data-id=\"e9a6eae\" data-element_type=\"widget\" data-widget_type=\"heading.default\">\n\t\t\t\t<div class=\"elementor-widget-container\">\n\t\t\t\t\t<h2 class=\"elementor-heading-title elementor-size-default\">Condiciones Comerciales<\/h2>\t\t\t\t<\/div>\n\t\t\t\t<\/div>\n\t\t\t\t<div class=\"elementor-element elementor-element-2de62df elementor-widget elementor-widget-heading\" data-id=\"2de62df\" data-element_type=\"widget\" data-widget_type=\"heading.default\">\n\t\t\t\t<div class=\"elementor-widget-container\">\n\t\t\t\t\t<h2 class=\"elementor-heading-title elementor-size-default\">Hornopir\u00e9n - Caleta Gonzalo<\/h2>\t\t\t\t<\/div>\n\t\t\t\t<\/div>\n\t\t\t\t\t<\/div>\n\t\t<\/div>\n\t\t\t\t\t<\/div>\n\t\t<\/section>\n\t\t\t\t<section class=\"elementor-section elementor-top-section elementor-element elementor-element-c712896 elementor-section-stretched elementor-section-content-middle elementor-section-boxed elementor-section-height-default elementor-section-height-default\" data-id=\"c712896\" data-element_type=\"section\" data-settings=\"{&quot;stretch_section&quot;:&quot;section-stretched&quot;,&quot;jet_parallax_layout_list&quot;:[{&quot;jet_parallax_layout_image&quot;:{&quot;url&quot;:&quot;&quot;,&quot;id&quot;:&quot;&quot;,&quot;size&quot;:&quot;&quot;},&quot;_id&quot;:&quot;67d1a6a&quot;,&quot;jet_parallax_layout_speed&quot;:{&quot;unit&quot;:&quot;%&quot;,&quot;size&quot;:50,&quot;sizes&quot;:[]},&quot;jet_parallax_layout_image_tablet&quot;:{&quot;url&quot;:&quot;&quot;,&quot;id&quot;:&quot;&quot;,&quot;size&quot;:&quot;&quot;},&quot;jet_parallax_layout_image_mobile&quot;:{&quot;url&quot;:&quot;&quot;,&quot;id&quot;:&quot;&quot;,&quot;size&quot;:&quot;&quot;},&quot;jet_parallax_layout_type&quot;:&quot;scroll&quot;,&quot;jet_parallax_layout_direction&quot;:null,&quot;jet_parallax_layout_fx_direction&quot;:null,&quot;jet_parallax_layout_z_index&quot;:&quot;&quot;,&quot;jet_parallax_layout_bg_x&quot;:50,&quot;jet_parallax_layout_bg_x_tablet&quot;:&quot;&quot;,&quot;jet_parallax_layout_bg_x_mobile&quot;:&quot;&quot;,&quot;jet_parallax_layout_bg_y&quot;:50,&quot;jet_parallax_layout_bg_y_tablet&quot;:&quot;&quot;,&quot;jet_parallax_layout_bg_y_mobile&quot;:&quot;&quot;,&quot;jet_parallax_layout_bg_size&quot;:&quot;auto&quot;,&quot;jet_parallax_layout_bg_size_tablet&quot;:&quot;&quot;,&quot;jet_parallax_layout_bg_size_mobile&quot;:&quot;&quot;,&quot;jet_parallax_layout_animation_prop&quot;:&quot;transform&quot;,&quot;jet_parallax_layout_on&quot;:[&quot;desktop&quot;,&quot;tablet&quot;]}],&quot;background_background&quot;:&quot;classic&quot;}\">\n\t\t\t\t\t\t<div class=\"elementor-container elementor-column-gap-default\">\n\t\t\t\t\t<div class=\"elementor-column elementor-col-50 elementor-top-column elementor-element elementor-element-459fae2\" data-id=\"459fae2\" data-element_type=\"column\">\n\t\t\t<div class=\"elementor-widget-wrap elementor-element-populated\">\n\t\t\t\t\t\t<div class=\"elementor-element elementor-element-25833d4 elementor-widget elementor-widget-heading\" data-id=\"25833d4\" data-element_type=\"widget\" data-widget_type=\"heading.default\">\n\t\t\t\t<div class=\"elementor-widget-container\">\n\t\t\t\t\t<h3 class=\"elementor-heading-title elementor-size-default\">Compra en L\u00ednea<\/h3>\t\t\t\t<\/div>\n\t\t\t\t<\/div>\n\t\t\t\t<div class=\"elementor-element elementor-element-c1f6cb4 elementor-widget elementor-widget-text-editor\" data-id=\"c1f6cb4\" data-element_type=\"widget\" data-widget_type=\"text-editor.default\">\n\t\t\t\t<div class=\"elementor-widget-container\">\n\t\t\t\t\t\t\t\t\t<p>En nuestra Plataforma puede comprar sus Pasajes en l\u00ednea a trav\u00e9s del formulario presente en el servicio de cada zona. Nuestro medio de pago es <strong>Webpay<\/strong><\/p>\t\t\t\t\t\t\t\t<\/div>\n\t\t\t\t<\/div>\n\t\t\t\t\t<\/div>\n\t\t<\/div>\n\t\t\t\t<div class=\"elementor-column elementor-col-50 elementor-top-column elementor-element elementor-element-079b6fc\" data-id=\"079b6fc\" data-element_type=\"column\">\n\t\t\t<div class=\"elementor-widget-wrap elementor-element-populated\">\n\t\t\t\t\t\t<div class=\"elementor-element elementor-element-7658456 elementor-widget elementor-widget-jet-button\" data-id=\"7658456\" data-element_type=\"widget\" data-widget_type=\"jet-button.default\">\n\t\t\t\t<div class=\"elementor-widget-container\">\n\t\t\t\t\t<div class=\"elementor-jet-button jet-elements\"><div class=\"jet-button__container\">\n\t<a class=\"jet-button__instance jet-button__instance--icon-left hover-effect-10\" href=\"https:\/\/www.barcazas.cl\/barcazas\/comprar-pasaje-hornopiren-caleta-gonzalo\/\">\n\t\t<div class=\"jet-button__plane jet-button__plane-normal\"><\/div>\n\t\t<div class=\"jet-button__plane jet-button__plane-hover\"><\/div>\n\t\t<div class=\"jet-button__state jet-button__state-normal\">\n\t\t\t<span class=\"jet-button__label\">Comprar<br>Pasajes<\/span>\t\t<\/div>\n\t\t<div class=\"jet-button__state jet-button__state-hover\">\n\t\t\t<span class=\"jet-button__label\">Comprar<br>Pasajes<\/span>\t\t<\/div>\n\t<\/a>\n<\/div>\n<\/div>\t\t\t\t<\/div>\n\t\t\t\t<\/div>\n\t\t\t\t\t<\/div>\n\t\t<\/div>\n\t\t\t\t\t<\/div>\n\t\t<\/section>\n\t\t\t\t<section class=\"elementor-section elementor-top-section elementor-element elementor-element-2a47a27 elementor-section-stretched elementor-reverse-mobile elementor-section-boxed elementor-section-height-default elementor-section-height-default\" data-id=\"2a47a27\" data-element_type=\"section\" data-settings=\"{&quot;jet_parallax_layout_list&quot;:[{&quot;jet_parallax_layout_image&quot;:{&quot;url&quot;:&quot;&quot;,&quot;id&quot;:&quot;&quot;,&quot;size&quot;:&quot;&quot;},&quot;_id&quot;:&quot;3bd9a87&quot;,&quot;jet_parallax_layout_speed&quot;:{&quot;unit&quot;:&quot;%&quot;,&quot;size&quot;:50,&quot;sizes&quot;:[]},&quot;jet_parallax_layout_image_tablet&quot;:{&quot;url&quot;:&quot;&quot;,&quot;id&quot;:&quot;&quot;,&quot;size&quot;:&quot;&quot;},&quot;jet_parallax_layout_image_mobile&quot;:{&quot;url&quot;:&quot;&quot;,&quot;id&quot;:&quot;&quot;,&quot;size&quot;:&quot;&quot;},&quot;jet_parallax_layout_type&quot;:&quot;scroll&quot;,&quot;jet_parallax_layout_direction&quot;:null,&quot;jet_parallax_layout_fx_direction&quot;:null,&quot;jet_parallax_layout_z_index&quot;:&quot;&quot;,&quot;jet_parallax_layout_bg_x&quot;:50,&quot;jet_parallax_layout_bg_x_tablet&quot;:&quot;&quot;,&quot;jet_parallax_layout_bg_x_mobile&quot;:&quot;&quot;,&quot;jet_parallax_layout_bg_y&quot;:50,&quot;jet_parallax_layout_bg_y_tablet&quot;:&quot;&quot;,&quot;jet_parallax_layout_bg_y_mobile&quot;:&quot;&quot;,&quot;jet_parallax_layout_bg_size&quot;:&quot;auto&quot;,&quot;jet_parallax_layout_bg_size_tablet&quot;:&quot;&quot;,&quot;jet_parallax_layout_bg_size_mobile&quot;:&quot;&quot;,&quot;jet_parallax_layout_animation_prop&quot;:&quot;transform&quot;,&quot;jet_parallax_layout_on&quot;:[&quot;desktop&quot;,&quot;tablet&quot;]}],&quot;stretch_section&quot;:&quot;section-stretched&quot;,&quot;background_background&quot;:&quot;classic&quot;}\">\n\t\t\t\t\t\t<div class=\"elementor-container elementor-column-gap-no\">\n\t\t\t\t\t<div class=\"elementor-column elementor-col-100 elementor-top-column elementor-element elementor-element-17e2b4c\" data-id=\"17e2b4c\" data-element_type=\"column\" data-settings=\"{&quot;background_background&quot;:&quot;classic&quot;}\">\n\t\t\t<div class=\"elementor-widget-wrap elementor-element-populated\">\n\t\t\t\t\t\t<div class=\"elementor-element elementor-element-b3084ed elementor-widget elementor-widget-text-editor\" data-id=\"b3084ed\" data-element_type=\"widget\" data-widget_type=\"text-editor.default\">\n\t\t\t\t<div class=\"elementor-widget-container\">\n\t\t\t\t\t\t\t\t\t<ul>\n<li><strong>CONDICIONES COMERCIALES<\/strong><\/li>\n<\/ul>\n<p><strong>1.- Reserva y compra de pasajes<\/strong><\/p>\n<p style=\"padding-left: 40px;\">a.- Los Ticket pueden ser obtenidos en nuestras oficinas hasta 2 horas antes del zarpe. En los barcos no se pueden adquirir Ticket, excepto en Puertos donde no hay oficinas de ventas.<\/p>\n<p style=\"padding-left: 40px;\">b.- El cambio de fecha del viaje puede hacerse hasta 24 horas antes del zarpe. <strong>S\u00f3lo se permite un cambio.<\/strong><\/p>\n<p><strong>2.- Devoluciones <\/strong><\/p>\n<p style=\"padding-left: 40px;\">c.-&nbsp; Cuando un pasajero desista de un viaje la pol\u00edtica de devoluci\u00f3n ser\u00e1:<\/p>\n<p style=\"padding-left: 40px;\">&nbsp;&nbsp;&nbsp;&nbsp;&nbsp;&nbsp;&nbsp;&nbsp;&nbsp;&nbsp;&nbsp;&nbsp;&nbsp;&nbsp;&nbsp; 1.- 96 horas antes del zarpe no habr\u00e1 retenci\u00f3n.<\/p>\n<p style=\"padding-left: 40px;\">&nbsp;&nbsp;&nbsp;&nbsp;&nbsp;&nbsp;&nbsp;&nbsp;&nbsp;&nbsp;&nbsp;&nbsp;&nbsp;&nbsp;&nbsp; 2.- Entre 96 y 16 hrs tendr\u00e1 un 30% de retenci\u00f3n.<\/p>\n<p style=\"padding-left: 40px;\">&nbsp;&nbsp;&nbsp;&nbsp;&nbsp;&nbsp;&nbsp;&nbsp;&nbsp;&nbsp;&nbsp;&nbsp;&nbsp;&nbsp;&nbsp; 3.- Entre 16 hrs y la hora zarpe no habr\u00e1 devoluci\u00f3n.<\/p>\n<p style=\"padding-left: 40px;\">&nbsp;&nbsp;&nbsp;&nbsp;&nbsp;&nbsp;&nbsp;&nbsp;&nbsp;&nbsp;&nbsp;&nbsp;&nbsp;&nbsp;&nbsp; 4.- Tickets modificado en su fecha de viaje <strong>No tiene Devoluci\u00f3n.<\/strong><\/p>\n<p><strong>3.- Embarque <\/strong><\/p>\n<p style=\"padding-left: 40px;\">d.- Todos los pasajeros y veh\u00edculos deber\u00e1n estar en el terminal con su pasaje 2 horas antes del zarpe, de lo contrario puedo perder el viaje.<\/p>\n<p style=\"padding-left: 40px;\">e.- Cada pasajero viajando a pie, esta autorizado a llevar 2 bultos como equipaje de mano, si excede esto, se cobrar\u00e1 un recargo como carga a piso.<\/p>\n<p style=\"padding-left: 40px;\">f.- Los horarios de zarpe y recalada podr\u00e1n ser modificados o cancelados por casos de fuerza mayor o fortuitos, en cuyos casos la empresa no esta obligada a indemnizar a los pasajeros.<\/p>\n<p style=\"padding-left: 40px;\">g.- Las dimensiones de los veh\u00edculos deben ser exactas al solicitar una reserva o pago, las diferencias que se detecten al momento del embarque implicar\u00e1n cobro adicional, y eventualmente, no podr\u00e1 viajar por falta de espacio, sin derecho a devoluci\u00f3n alguna de lo pagado.<\/p>\n<p style=\"padding-left: 40px;\">h.- La altura m\u00e1xima permitida de los rodados es 4,2 mts, de sobrepasar esta medida el rodado no podr\u00e1 ser embarcado, sin derecho a devoluci\u00f3n alguna de lo pagado.<\/p>\n<p style=\"padding-left: 40px;\">i.- Est\u00e1 prohibido el transportar todo tipo de <strong>Carga Peligrosa<\/strong>.<\/p>\n<p style=\"padding-left: 40px;\">j.- La empresa no se hace responsable por la perdida o robo de objetos personales.<\/p>\n<p style=\"padding-left: 40px;\">k.-<strong>Permanencia en el veh\u00edculo:<\/strong>&nbsp;Una vez embarcado el veh\u00edculo en la nave, queda estrictamente prohibido que los pasajeros desciendan de este mientras se realice el proceso de carga.<\/p>\n<p style=\"padding-left: 40px;\">l.- <strong>Instrucciones del personal:<\/strong>&nbsp;Todos los pasajeros deber\u00e1n seguir en todo momento las indicaciones entregadas por el personal de cubierta durante los procesos de carga y descarga.<\/p>\n<p><strong>4.- Ticket de embarque<\/strong><\/p>\n<p style=\"padding-left: 40px;\">m.- Cada pasajero deber\u00e1 portar su Ticket al momento de embarcarse, que puede ser retirado desde cualquier de nuestras oficinas.<\/p>\n<p style=\"padding-left: 40px;\">n.- Los tickets deber\u00e1n ser exhibidos cada vez que el personal de las naves lo soliciten, ante lo cual el&nbsp;<span style=\"font-weight: var( --e-global-typography-text-font-weight );\">pasajero deber\u00e1 llevarlos consigo hasta que finaliza el viaje.<\/span><\/p>\n<p style=\"padding-left: 40px;\">o.- El ticket es v\u00e1lido para la embarcaci\u00f3n, d\u00eda, hora y el cliente mencionado en \u00e9l, este no es <span style=\"font-weight: var( --e-global-typography-text-font-weight );\">transferible en ning\u00fan caso.<\/span><\/p>\n<p><strong>5.-<\/strong> <strong>Viaje con Mascotas<\/strong><\/p>\n<p style=\"padding-left: 40px;\">p.- En el traslado de mascotas se debe cumplir con las siguientes exigencias.<\/p>\n<p style=\"padding-left: 40px;\">q.- Las mascotas deben ir en todo momento amarradas y con bozal en los veh\u00edculos, salvo perros gu\u00eda.<\/p>\n<p style=\"padding-left: 40px;\">r.- Las mascotas en todo momento son responsabilidad de los due\u00f1os.<\/p>\n<p style=\"padding-left: 40px;\">s.- Las mascotas podr\u00e1n ser trasladas en los veh\u00edculos o pick up, debidamente amarradas o <span style=\"font-weight: var( --e-global-typography-text-font-weight );\">bien en caniles que est\u00e9n en buenas condiciones y con la seguridad adecuada de acuerdo al&nbsp;<\/span><span style=\"font-weight: var( --e-global-typography-text-font-weight );\">tama\u00f1o de estas.<\/span><\/p>\n<p><span style=\"font-weight: var( --e-global-typography-text-font-weight );\">6.- <strong>Posible Retraso Intermedio.<\/strong><\/span><\/p>\n<ul>\n<li><span style=\"font-weight: var( --e-global-typography-text-font-weight );\">ESTIMADO USUARIO SE INFORMA A USTED QUE DEBIDO A DIFERENCIAS DE CAPACIDAD DE NAVES EN LA RUTA DE CONECTIVIDAD BIMODAL. ES PROBLABLE QUE EN EL TRAMO CORTO SE GENEREN 2 VUELTAS, GENERANDO UN RETRASO DE 1 HORA EN SU ANDAR, PARA QUE TOMEN LOS RESGUARDOS PERTINENTES<\/span><\/li>\n<\/ul>\n<p style=\"text-align: center;\"><strong>NO OLVIDAR QUE UN CLIENTE INFORMADO ES UN CLIENTE RESPONSABLE.<\/strong><\/p>\t\t\t\t\t\t\t\t<\/div>\n\t\t\t\t<\/div>\n\t\t\t\t\t<\/div>\n\t\t<\/div>\n\t\t\t\t\t<\/div>\n\t\t<\/section>\n\t\t\t\t<\/div>\n\t\t","protected":false},"excerpt":{"rendered":"<p>Condiciones Comerciales Hornopir\u00e9n &#8211; Caleta Gonzalo Compra en L\u00ednea En nuestra Plataforma puede comprar sus Pasajes en l\u00ednea a trav\u00e9s del formulario presente en el servicio de cada zona. Nuestro medio de pago es Webpay ComprarPasajes ComprarPasajes CONDICIONES COMERCIALES 1.- Reserva y compra de pasajes a.- Los Ticket pueden ser obtenidos en nuestras oficinas hasta &#8230; <a title=\"Pol\u00edticas Hornopir\u00e9n &#8211; Caleta Gonzalo\" class=\"read-more\" href=\"https:\/\/www.barcazas.cl\/barcazas\/politicas-hornopiren-caleta-gonzalo\/\" aria-label=\"M\u00e1s en Pol\u00edticas Hornopir\u00e9n &#8211; Caleta Gonzalo\">Read more<\/a><\/p>\n","protected":false},"author":1,"featured_media":0,"parent":0,"menu_order":0,"comment_status":"closed","ping_status":"closed","template":"","meta":{"footnotes":""},"class_list":["post-1197","page","type-page","status-publish"],"_links":{"self":[{"href":"https:\/\/www.barcazas.cl\/barcazas\/wp-json\/wp\/v2\/pages\/1197","targetHints":{"allow":["GET"]}}],"collection":[{"href":"https:\/\/www.barcazas.cl\/barcazas\/wp-json\/wp\/v2\/pages"}],"about":[{"href":"https:\/\/www.barcazas.cl\/barcazas\/wp-json\/wp\/v2\/types\/page"}],"author":[{"embeddable":true,"href":"https:\/\/www.barcazas.cl\/barcazas\/wp-json\/wp\/v2\/users\/1"}],"replies":[{"embeddable":true,"href":"https:\/\/www.barcazas.cl\/barcazas\/wp-json\/wp\/v2\/comments?post=1197"}],"version-history":[{"count":30,"href":"https:\/\/www.barcazas.cl\/barcazas\/wp-json\/wp\/v2\/pages\/1197\/revisions"}],"predecessor-version":[{"id":4131,"href":"https:\/\/www.barcazas.cl\/barcazas\/wp-json\/wp\/v2\/pages\/1197\/revisions\/4131"}],"wp:attachment":[{"href":"https:\/\/www.barcazas.cl\/barcazas\/wp-json\/wp\/v2\/media?parent=1197"}],"curies":[{"name":"wp","href":"https:\/\/api.w.org\/{rel}","templated":true}]}}